{"id":830,"date":"2019-11-25T17:04:04","date_gmt":"2019-11-25T17:04:04","guid":{"rendered":"http:\/\/labpeak.themetechmount.net\/?page_id=830"},"modified":"2023-10-24T10:28:39","modified_gmt":"2023-10-24T10:28:39","slug":"our-team","status":"publish","type":"page","link":"https:\/\/beyondcalypso.eu\/en\/our-team\/","title":{"rendered":"Our Team"},"content":{"rendered":"<div data-elementor-type=\"wp-page\" data-elementor-id=\"830\" class=\"elementor elementor-830\">\n\t\t\t\t\t\t\t<div class=\"elementor-element elementor-element-4b9da80 e-flex e-con-boxed e-con e-parent\" data-id=\"4b9da80\" data-element_type=\"container\" data-settings=\"{&quot;content_width&quot;:&quot;boxed&quot;}\" data-core-v316-plus=\"true\">\n\t\t\t\t\t<div class=\"e-con-inner\">\n\t\t\t\t<div class=\"elementor-element elementor-element-1b75715 tm-align-left elementor-widget elementor-widget-tm_team_element\" data-id=\"1b75715\" data-element_type=\"widget\" data-widget_type=\"tm_team_element.default\">\n\t\t\t\t<div class=\"elementor-widget-container\">\n\t\t\t<div class=\"themetechmount-boxes themetechmount-boxes-team themetechmount-element-teambox-style2 themetechmount-boxes-view-default themetechmount-boxes-col-three themetechmount-boxes-textalign-left themetechmount-boxes-spacing-30px\" data-tm-show=\"3\" data-tm-loop=\"1\" data-tm-autoplay=\"0\" data-tm-centermode=\"0\" data-tm-nav=\"\" data-tm-dots=\"\" data-tm-slidestoscroll=\"\" data-tm-autoplayspeed=\"4500\" data-tm-margin=\"30px\"><div class=\"themetechmount-boxes-inner\">\n\t\t\t<div class=\"themetechmount-box-heading-wrapper\">\n\t\t\t\t<div class=\"tm-element-heading-content-wrapper left-align  tm-seperator-solid  tm-heading-style-vertical\"><div class=\"tm-content-header\"><h3 class=\"tm-element-content-heading tm-custom-heading\">\n\t\t\t\tUniversit\u00e0 degli Studi di Palermo\n\t\t\t<\/h3>\n\t\t<div class=\"heading-seperator\"><span><\/span><\/div><\/div><\/div>\t\t\t\t\t\t\t<\/div>\n\n\t\t\t<div class=\"themetechmount-boxes-row-wrapper row multi-columns-row\">\n\n\t\t\t<div class=\"tm-box-col-wrapper universita-degli-studi-di-palermo col-lg-4 col-sm-6 col-md-4 col-xs-12\"><article class=\"themetechmount-box themetechmount-box-team themetechmount-teambox-view-style2\">\n\t<div class=\"themetechmount-post-item\">\n\t\t<div class=\"themetechmount-content-inner\">\n\t\t\t<div class=\"themetechmount-team-image-box\">\n\t\t\t\t\n\t\t<span class=\"themetechmount-item-thumbnail\">\n\t\t\t<span class=\"themetechmount-item-thumbnail-inner\">\n\t\t\t\t<img loading=\"lazy\" decoding=\"async\" width=\"500\" height=\"570\" src=\"https:\/\/beyondcalypso.eu\/wp-content\/uploads\/2023\/10\/Prof-Ciraolo-2-copia-500x570.jpeg\" class=\"attachment-themetechmount-img-team-member size-themetechmount-img-team-member wp-post-image\" alt=\"\" data-id=\"4534\" \/>\n\t\t\t<\/span>\n\t\t<\/span>\t\t\t\t<div class=\"themetechmount-box-social-links\"><\/div>\t\t\t\n\t\t\t<div class=\"themetechmount-box-content\">\t\t\t\n\t\t\t\t<div class=\"themetechmount-box-title\"><h4><a href=\"https:\/\/beyondcalypso.eu\/en\/team-member\/giuseppe-ciraolo\/\">Giuseppe Ciraolo<\/a><\/h4><\/div>\t\n\t\t\t\t<div class=\"themetechmount-team-position\"><\/div>\t\t\t\t\t\t\t\t\t\t\n\t\t\t<\/div>\t\n\t\t\t<\/div>\t\t\t\t\t\n\t\t<\/div>\t\n\t<\/div>\n<\/article>\n <\/div><div class=\"tm-box-col-wrapper universita-degli-studi-di-palermo col-lg-4 col-sm-6 col-md-4 col-xs-12\"><article class=\"themetechmount-box themetechmount-box-team themetechmount-teambox-view-style2\">\n\t<div class=\"themetechmount-post-item\">\n\t\t<div class=\"themetechmount-content-inner\">\n\t\t\t<div class=\"themetechmount-team-image-box\">\n\t\t\t\t\n\t\t<span class=\"themetechmount-item-thumbnail\">\n\t\t\t<span class=\"themetechmount-item-thumbnail-inner\">\n\t\t\t\t<img loading=\"lazy\" decoding=\"async\" width=\"500\" height=\"570\" src=\"https:\/\/beyondcalypso.eu\/wp-content\/uploads\/2019\/11\/UNIPA-Fulvio-CAPODICI-e1697527144307-500x570.jpeg\" class=\"attachment-themetechmount-img-team-member size-themetechmount-img-team-member wp-post-image\" alt=\"\" data-id=\"4742\" \/>\n\t\t\t<\/span>\n\t\t<\/span>\t\t\t\t<div class=\"themetechmount-box-social-links\"><\/div>\t\t\t\n\t\t\t<div class=\"themetechmount-box-content\">\t\t\t\n\t\t\t\t<div class=\"themetechmount-box-title\"><h4><a href=\"https:\/\/beyondcalypso.eu\/en\/team-member\/fulvio-capodici\/\">Fulvio Capodici<\/a><\/h4><\/div>\t\n\t\t\t\t<div class=\"themetechmount-team-position\"><\/div>\t\t\t\t\t\t\t\t\t\t\n\t\t\t<\/div>\t\n\t\t\t<\/div>\t\t\t\t\t\n\t\t<\/div>\t\n\t<\/div>\n<\/article>\n <\/div><div class=\"tm-box-col-wrapper universita-degli-studi-di-palermo col-lg-4 col-sm-6 col-md-4 col-xs-12\"><article class=\"themetechmount-box themetechmount-box-team themetechmount-teambox-view-style2\">\n\t<div class=\"themetechmount-post-item\">\n\t\t<div class=\"themetechmount-content-inner\">\n\t\t\t<div class=\"themetechmount-team-image-box\">\n\t\t\t\t\n\t\t<span class=\"themetechmount-item-thumbnail\">\n\t\t\t<span class=\"themetechmount-item-thumbnail-inner\">\n\t\t\t\t<img loading=\"lazy\" decoding=\"async\" width=\"500\" height=\"570\" src=\"https:\/\/beyondcalypso.eu\/wp-content\/uploads\/2023\/10\/UNIPA-Federica-TERRANOVA-500x570.jpeg\" class=\"attachment-themetechmount-img-team-member size-themetechmount-img-team-member wp-post-image\" alt=\"\" data-id=\"5071\" \/>\n\t\t\t<\/span>\n\t\t<\/span>\t\t\t\t<div class=\"themetechmount-box-social-links\"><\/div>\t\t\t\n\t\t\t<div class=\"themetechmount-box-content\">\t\t\t\n\t\t\t\t<div class=\"themetechmount-box-title\"><h4><a href=\"https:\/\/beyondcalypso.eu\/en\/team-member\/federica-terranova\/\">Federica Terranova<\/a><\/h4><\/div>\t\n\t\t\t\t<div class=\"themetechmount-team-position\"><\/div>\t\t\t\t\t\t\t\t\t\t\n\t\t\t<\/div>\t\n\t\t\t<\/div>\t\t\t\t\t\n\t\t<\/div>\t\n\t<\/div>\n<\/article>\n <\/div>\n\t\t\t<\/div>\n\n\t\t\t<\/div><!-- .themetechmount-boxes-inner -->   <\/div><!-- .themetechmount-boxes -->  \t\t<\/div>\n\t\t\t\t<\/div>\n\t\t\t\t<div class=\"elementor-element elementor-element-54a4877 tm-align-left elementor-widget elementor-widget-tm_team_element\" data-id=\"54a4877\" data-element_type=\"widget\" data-widget_type=\"tm_team_element.default\">\n\t\t\t\t<div class=\"elementor-widget-container\">\n\t\t\t<div class=\"themetechmount-boxes themetechmount-boxes-team themetechmount-element-teambox-style2 themetechmount-boxes-view-default themetechmount-boxes-col-three themetechmount-boxes-textalign-left themetechmount-boxes-spacing-30px\" data-tm-show=\"2\" data-tm-loop=\"1\" data-tm-autoplay=\"0\" data-tm-centermode=\"0\" data-tm-nav=\"\" data-tm-dots=\"\" data-tm-slidestoscroll=\"\" data-tm-autoplayspeed=\"4500\" data-tm-margin=\"30px\"><div class=\"themetechmount-boxes-inner\">\n\t\t\t<div class=\"themetechmount-box-heading-wrapper\">\n\t\t\t\t<div class=\"tm-element-heading-content-wrapper left-align  tm-seperator-solid  tm-heading-style-vertical\"><div class=\"tm-content-header\"><h3 class=\"tm-element-content-heading tm-custom-heading\">\n\t\t\t\tUniversit\u00e0 di Malta\n\t\t\t<\/h3>\n\t\t<div class=\"heading-seperator\"><span><\/span><\/div><\/div><\/div>\t\t\t\t\t\t\t<\/div>\n\n\t\t\t<div class=\"themetechmount-boxes-row-wrapper row multi-columns-row\">\n\n\t\t\t<div class=\"tm-box-col-wrapper 2-universita-di-malta col-lg-4 col-sm-6 col-md-4 col-xs-12\"><article class=\"themetechmount-box themetechmount-box-team themetechmount-teambox-view-style2\">\n\t<div class=\"themetechmount-post-item\">\n\t\t<div class=\"themetechmount-content-inner\">\n\t\t\t<div class=\"themetechmount-team-image-box\">\n\t\t\t\t\n\t\t<span class=\"themetechmount-item-thumbnail\">\n\t\t\t<span class=\"themetechmount-item-thumbnail-inner\">\n\t\t\t\t<img loading=\"lazy\" decoding=\"async\" width=\"391\" height=\"438\" src=\"https:\/\/beyondcalypso.eu\/wp-content\/uploads\/2023\/10\/Copy-of-IMG_2935-1-e1698910790685.jpeg\" class=\"attachment-themetechmount-img-team-member size-themetechmount-img-team-member wp-post-image\" alt=\"\" srcset=\"https:\/\/beyondcalypso.eu\/wp-content\/uploads\/2023\/10\/Copy-of-IMG_2935-1-e1698910790685.jpeg 391w, https:\/\/beyondcalypso.eu\/wp-content\/uploads\/2023\/10\/Copy-of-IMG_2935-1-e1698910790685-268x300.jpeg 268w, https:\/\/beyondcalypso.eu\/wp-content\/uploads\/2023\/10\/Copy-of-IMG_2935-1-e1698910790685-11x12.jpeg 11w\" sizes=\"auto, (max-width: 391px) 100vw, 391px\" data-id=\"5485\" \/>\n\t\t\t<\/span>\n\t\t<\/span>\t\t\t\t<div class=\"themetechmount-box-social-links\"><\/div>\t\t\t\n\t\t\t<div class=\"themetechmount-box-content\">\t\t\t\n\t\t\t\t<div class=\"themetechmount-box-title\"><h4><a href=\"https:\/\/beyondcalypso.eu\/en\/team-member\/adam-gauci\/\">Adam Gauci<\/a><\/h4><\/div>\t\n\t\t\t\t<div class=\"themetechmount-team-position\"><\/div>\t\t\t\t\t\t\t\t\t\t\n\t\t\t<\/div>\t\n\t\t\t<\/div>\t\t\t\t\t\n\t\t<\/div>\t\n\t<\/div>\n<\/article>\n <\/div><div class=\"tm-box-col-wrapper 2-universita-di-malta col-lg-4 col-sm-6 col-md-4 col-xs-12\"><article class=\"themetechmount-box themetechmount-box-team themetechmount-teambox-view-style2\">\n\t<div class=\"themetechmount-post-item\">\n\t\t<div class=\"themetechmount-content-inner\">\n\t\t\t<div class=\"themetechmount-team-image-box\">\n\t\t\t\t\n\t\t<span class=\"themetechmount-item-thumbnail\">\n\t\t\t<span class=\"themetechmount-item-thumbnail-inner\">\n\t\t\t\t<img loading=\"lazy\" decoding=\"async\" width=\"500\" height=\"570\" src=\"https:\/\/beyondcalypso.eu\/wp-content\/uploads\/2023\/10\/UNIMALTA-AUDREY-ZAMMIT-e1698910168425-500x570.jpg\" class=\"attachment-themetechmount-img-team-member size-themetechmount-img-team-member wp-post-image\" alt=\"\" srcset=\"https:\/\/beyondcalypso.eu\/wp-content\/uploads\/2023\/10\/UNIMALTA-AUDREY-ZAMMIT-e1698910168425-500x570.jpg 500w, https:\/\/beyondcalypso.eu\/wp-content\/uploads\/2023\/10\/UNIMALTA-AUDREY-ZAMMIT-e1698910168425-10x12.jpg 10w\" sizes=\"auto, (max-width: 500px) 100vw, 500px\" data-id=\"5483\" \/>\n\t\t\t<\/span>\n\t\t<\/span>\t\t\t\t<div class=\"themetechmount-box-social-links\"><\/div>\t\t\t\n\t\t\t<div class=\"themetechmount-box-content\">\t\t\t\n\t\t\t\t<div class=\"themetechmount-box-title\"><h4><a href=\"https:\/\/beyondcalypso.eu\/en\/team-member\/audrey-zammit\/\">Audrey Zammit<\/a><\/h4><\/div>\t\n\t\t\t\t<div class=\"themetechmount-team-position\"><\/div>\t\t\t\t\t\t\t\t\t\t\n\t\t\t<\/div>\t\n\t\t\t<\/div>\t\t\t\t\t\n\t\t<\/div>\t\n\t<\/div>\n<\/article>\n <\/div>\n\t\t\t<\/div>\n\n\t\t\t<\/div><!-- .themetechmount-boxes-inner -->   <\/div><!-- .themetechmount-boxes -->  \t\t<\/div>\n\t\t\t\t<\/div>\n\t\t\t\t<div class=\"elementor-element elementor-element-09fa06c tm-align-left elementor-widget elementor-widget-tm_team_element\" data-id=\"09fa06c\" data-element_type=\"widget\" data-widget_type=\"tm_team_element.default\">\n\t\t\t\t<div class=\"elementor-widget-container\">\n\t\t\t<div class=\"themetechmount-boxes themetechmount-boxes-team themetechmount-element-teambox-style2 themetechmount-boxes-view-default themetechmount-boxes-col-three themetechmount-boxes-textalign-left themetechmount-boxes-spacing-30px\" data-tm-show=\"3\" data-tm-loop=\"1\" data-tm-autoplay=\"0\" data-tm-centermode=\"0\" data-tm-nav=\"\" data-tm-dots=\"\" data-tm-slidestoscroll=\"\" data-tm-autoplayspeed=\"4500\" data-tm-margin=\"30px\"><div class=\"themetechmount-boxes-inner\">\n\t\t\t<div class=\"themetechmount-box-heading-wrapper\">\n\t\t\t\t<div class=\"tm-element-heading-content-wrapper left-align  tm-seperator-solid  tm-heading-style-vertical\"><div class=\"tm-content-header\"><h3 class=\"tm-element-content-heading tm-custom-heading\">\n\t\t\t\tUniversit\u00e0 degli Studi di Catania\n\t\t\t<\/h3>\n\t\t<div class=\"heading-seperator\"><span><\/span><\/div><\/div><\/div>\t\t\t\t\t\t\t<\/div>\n\n\t\t\t<div class=\"themetechmount-boxes-row-wrapper row multi-columns-row\">\n\n\t\t\t<div class=\"tm-box-col-wrapper 3-universita-degli-studi-di-catania col-lg-4 col-sm-6 col-md-4 col-xs-12\"><article class=\"themetechmount-box themetechmount-box-team themetechmount-teambox-view-style2\">\n\t<div class=\"themetechmount-post-item\">\n\t\t<div class=\"themetechmount-content-inner\">\n\t\t\t<div class=\"themetechmount-team-image-box\">\n\t\t\t\t\n\t\t<span class=\"themetechmount-item-thumbnail\">\n\t\t\t<span class=\"themetechmount-item-thumbnail-inner\">\n\t\t\t\t<img loading=\"lazy\" decoding=\"async\" width=\"500\" height=\"476\" src=\"https:\/\/beyondcalypso.eu\/wp-content\/uploads\/2023\/10\/UNICT-Rosario-SINATRA-500x476.jpg\" class=\"attachment-themetechmount-img-team-member size-themetechmount-img-team-member wp-post-image\" alt=\"\" data-id=\"5050\" \/>\n\t\t\t<\/span>\n\t\t<\/span>\t\t\t\t<div class=\"themetechmount-box-social-links\"><\/div>\t\t\t\n\t\t\t<div class=\"themetechmount-box-content\">\t\t\t\n\t\t\t\t<div class=\"themetechmount-box-title\"><h4><a href=\"https:\/\/beyondcalypso.eu\/en\/team-member\/rosario-sinatra\/\">Rosario Sinatra<\/a><\/h4><\/div>\t\n\t\t\t\t<div class=\"themetechmount-team-position\"><\/div>\t\t\t\t\t\t\t\t\t\t\n\t\t\t<\/div>\t\n\t\t\t<\/div>\t\t\t\t\t\n\t\t<\/div>\t\n\t<\/div>\n<\/article>\n <\/div><div class=\"tm-box-col-wrapper 3-universita-degli-studi-di-catania col-lg-4 col-sm-6 col-md-4 col-xs-12\"><article class=\"themetechmount-box themetechmount-box-team themetechmount-teambox-view-style2\">\n\t<div class=\"themetechmount-post-item\">\n\t\t<div class=\"themetechmount-content-inner\">\n\t\t\t<div class=\"themetechmount-team-image-box\">\n\t\t\t\t\n\t\t<span class=\"themetechmount-item-thumbnail\">\n\t\t\t<span class=\"themetechmount-item-thumbnail-inner\">\n\t\t\t\t<img loading=\"lazy\" decoding=\"async\" width=\"500\" height=\"570\" src=\"https:\/\/beyondcalypso.eu\/wp-content\/uploads\/2019\/11\/UNICT-Elisabetta-PARADISO-500x570.jpeg\" class=\"attachment-themetechmount-img-team-member size-themetechmount-img-team-member wp-post-image\" alt=\"\" data-id=\"4738\" \/>\n\t\t\t<\/span>\n\t\t<\/span>\t\t\t\t<div class=\"themetechmount-box-social-links\"><\/div>\t\t\t\n\t\t\t<div class=\"themetechmount-box-content\">\t\t\t\n\t\t\t\t<div class=\"themetechmount-box-title\"><h4><a href=\"https:\/\/beyondcalypso.eu\/en\/team-member\/elisabetta-paradiso\/\">Elisabetta Paradiso<\/a><\/h4><\/div>\t\n\t\t\t\t<div class=\"themetechmount-team-position\"><\/div>\t\t\t\t\t\t\t\t\t\t\n\t\t\t<\/div>\t\n\t\t\t<\/div>\t\t\t\t\t\n\t\t<\/div>\t\n\t<\/div>\n<\/article>\n <\/div><div class=\"tm-box-col-wrapper 3-universita-degli-studi-di-catania col-lg-4 col-sm-6 col-md-4 col-xs-12\"><article class=\"themetechmount-box themetechmount-box-team themetechmount-teambox-view-style2\">\n\t<div class=\"themetechmount-post-item\">\n\t\t<div class=\"themetechmount-content-inner\">\n\t\t\t<div class=\"themetechmount-team-image-box\">\n\t\t\t\t\n\t\t<span class=\"themetechmount-item-thumbnail\">\n\t\t\t<span class=\"themetechmount-item-thumbnail-inner\">\n\t\t\t\t<img loading=\"lazy\" decoding=\"async\" width=\"500\" height=\"570\" src=\"https:\/\/beyondcalypso.eu\/wp-content\/uploads\/2019\/11\/UNICT-Alfio-RUSSO-500x570.jpg\" class=\"attachment-themetechmount-img-team-member size-themetechmount-img-team-member wp-post-image\" alt=\"\" data-id=\"4993\" \/>\n\t\t\t<\/span>\n\t\t<\/span>\t\t\t\t<div class=\"themetechmount-box-social-links\"><\/div>\t\t\t\n\t\t\t<div class=\"themetechmount-box-content\">\t\t\t\n\t\t\t\t<div class=\"themetechmount-box-title\"><h4><a href=\"https:\/\/beyondcalypso.eu\/en\/team-member\/alfio-russo\/\">Alfio Russo<\/a><\/h4><\/div>\t\n\t\t\t\t<div class=\"themetechmount-team-position\"><\/div>\t\t\t\t\t\t\t\t\t\t\n\t\t\t<\/div>\t\n\t\t\t<\/div>\t\t\t\t\t\n\t\t<\/div>\t\n\t<\/div>\n<\/article>\n <\/div>\n\t\t\t<\/div>\n\n\t\t\t<\/div><!-- .themetechmount-boxes-inner -->   <\/div><!-- .themetechmount-boxes -->  \t\t<\/div>\n\t\t\t\t<\/div>\n\t\t\t\t<div class=\"elementor-element elementor-element-0c5e3f8 tm-align-left elementor-widget elementor-widget-tm_team_element\" data-id=\"0c5e3f8\" data-element_type=\"widget\" data-widget_type=\"tm_team_element.default\">\n\t\t\t\t<div class=\"elementor-widget-container\">\n\t\t\t<div class=\"themetechmount-boxes themetechmount-boxes-team themetechmount-element-teambox-style2 themetechmount-boxes-view-default themetechmount-boxes-col-three themetechmount-boxes-textalign-left themetechmount-boxes-spacing-30px\" data-tm-show=\"1\" data-tm-loop=\"1\" data-tm-autoplay=\"0\" data-tm-centermode=\"0\" data-tm-nav=\"\" data-tm-dots=\"\" data-tm-slidestoscroll=\"\" data-tm-autoplayspeed=\"4500\" data-tm-margin=\"30px\"><div class=\"themetechmount-boxes-inner\">\n\t\t\t<div class=\"themetechmount-box-heading-wrapper\">\n\t\t\t\t<div class=\"tm-element-heading-content-wrapper left-align  tm-seperator-solid  tm-heading-style-vertical\"><div class=\"tm-content-header\"><h3 class=\"tm-element-content-heading tm-custom-heading\">\n\t\t\t\tARPA Sicilia\n\t\t\t<\/h3>\n\t\t<div class=\"heading-seperator\"><span><\/span><\/div><\/div><\/div>\t\t\t\t\t\t\t<\/div>\n\n\t\t\t<div class=\"themetechmount-boxes-row-wrapper row multi-columns-row\">\n\n\t\t\t<div class=\"tm-box-col-wrapper arpa-sicilia col-lg-4 col-sm-6 col-md-4 col-xs-12\"><article class=\"themetechmount-box themetechmount-box-team themetechmount-teambox-view-style2\">\n\t<div class=\"themetechmount-post-item\">\n\t\t<div class=\"themetechmount-content-inner\">\n\t\t\t<div class=\"themetechmount-team-image-box\">\n\t\t\t\t\n\t\t<span class=\"themetechmount-item-thumbnail\">\n\t\t\t<span class=\"themetechmount-item-thumbnail-inner\">\n\t\t\t\t<img loading=\"lazy\" decoding=\"async\" width=\"500\" height=\"570\" src=\"https:\/\/beyondcalypso.eu\/wp-content\/uploads\/2019\/11\/ARPA-Salvatore-CAMPANELLA-rotated-e1697526473373-500x570.jpg\" class=\"attachment-themetechmount-img-team-member size-themetechmount-img-team-member wp-post-image\" alt=\"\" srcset=\"https:\/\/beyondcalypso.eu\/wp-content\/uploads\/2019\/11\/ARPA-Salvatore-CAMPANELLA-rotated-e1697526473373-500x570.jpg 500w, https:\/\/beyondcalypso.eu\/wp-content\/uploads\/2019\/11\/ARPA-Salvatore-CAMPANELLA-rotated-e1697526473373-263x300.jpg 263w, https:\/\/beyondcalypso.eu\/wp-content\/uploads\/2019\/11\/ARPA-Salvatore-CAMPANELLA-rotated-e1697526473373.jpg 632w\" sizes=\"auto, (max-width: 500px) 100vw, 500px\" data-id=\"4727\" \/>\n\t\t\t<\/span>\n\t\t<\/span>\t\t\t\t<div class=\"themetechmount-box-social-links\"><\/div>\t\t\t\n\t\t\t<div class=\"themetechmount-box-content\">\t\t\t\n\t\t\t\t<div class=\"themetechmount-box-title\"><h4><a href=\"https:\/\/beyondcalypso.eu\/en\/team-member\/salvatore-campanella\/\">Salvatore Campanella<\/a><\/h4><\/div>\t\n\t\t\t\t<div class=\"themetechmount-team-position\"><\/div>\t\t\t\t\t\t\t\t\t\t\n\t\t\t<\/div>\t\n\t\t\t<\/div>\t\t\t\t\t\n\t\t<\/div>\t\n\t<\/div>\n<\/article>\n <\/div>\n\t\t\t<\/div>\n\n\t\t\t<\/div><!-- .themetechmount-boxes-inner -->   <\/div><!-- .themetechmount-boxes -->  \t\t<\/div>\n\t\t\t\t<\/div>\n\t\t\t\t<div class=\"elementor-element elementor-element-96e877a tm-align-left elementor-widget elementor-widget-tm_team_element\" data-id=\"96e877a\" data-element_type=\"widget\" data-widget_type=\"tm_team_element.default\">\n\t\t\t\t<div class=\"elementor-widget-container\">\n\t\t\t<div class=\"themetechmount-boxes themetechmount-boxes-team themetechmount-element-teambox-style2 themetechmount-boxes-view-default themetechmount-boxes-col-three themetechmount-boxes-textalign-left themetechmount-boxes-spacing-30px\" data-tm-show=\"1\" data-tm-loop=\"1\" data-tm-autoplay=\"0\" data-tm-centermode=\"0\" data-tm-nav=\"\" data-tm-dots=\"\" data-tm-slidestoscroll=\"\" data-tm-autoplayspeed=\"4500\" data-tm-margin=\"30px\"><div class=\"themetechmount-boxes-inner\">\n\t\t\t<div class=\"themetechmount-box-heading-wrapper\">\n\t\t\t\t<div class=\"tm-element-heading-content-wrapper left-align  tm-seperator-solid  tm-heading-style-vertical\"><div class=\"tm-content-header\"><h3 class=\"tm-element-content-heading tm-custom-heading\">\n\t\t\t\tCNR IAS\n\t\t\t<\/h3>\n\t\t<div class=\"heading-seperator\"><span><\/span><\/div><\/div><\/div>\t\t\t\t\t\t\t<\/div>\n\n\t\t\t<div class=\"themetechmount-boxes-row-wrapper row multi-columns-row\">\n\n\t\t\t<div class=\"tm-box-col-wrapper cnr-ias col-lg-4 col-sm-6 col-md-4 col-xs-12\"><article class=\"themetechmount-box themetechmount-box-team themetechmount-teambox-view-style2\">\n\t<div class=\"themetechmount-post-item\">\n\t\t<div class=\"themetechmount-content-inner\">\n\t\t\t<div class=\"themetechmount-team-image-box\">\n\t\t\t\t\n\t\t<span class=\"themetechmount-item-thumbnail\">\n\t\t\t<span class=\"themetechmount-item-thumbnail-inner\">\n\t\t\t\t<img loading=\"lazy\" decoding=\"async\" width=\"500\" height=\"570\" src=\"https:\/\/beyondcalypso.eu\/wp-content\/uploads\/2023\/10\/CNR-Salvatore-Aronica-e1697614795496-500x570.jpg\" class=\"attachment-themetechmount-img-team-member size-themetechmount-img-team-member wp-post-image\" alt=\"\" data-id=\"4999\" \/>\n\t\t\t<\/span>\n\t\t<\/span>\t\t\t\t<div class=\"themetechmount-box-social-links\"><\/div>\t\t\t\n\t\t\t<div class=\"themetechmount-box-content\">\t\t\t\n\t\t\t\t<div class=\"themetechmount-box-title\"><h4><a href=\"https:\/\/beyondcalypso.eu\/en\/team-member\/salvatore-aronica\/\">Salvatore Aronica<\/a><\/h4><\/div>\t\n\t\t\t\t<div class=\"themetechmount-team-position\"><\/div>\t\t\t\t\t\t\t\t\t\t\n\t\t\t<\/div>\t\n\t\t\t<\/div>\t\t\t\t\t\n\t\t<\/div>\t\n\t<\/div>\n<\/article>\n <\/div>\n\t\t\t<\/div>\n\n\t\t\t<\/div><!-- .themetechmount-boxes-inner -->   <\/div><!-- .themetechmount-boxes -->  \t\t<\/div>\n\t\t\t\t<\/div>\n\t\t\t\t<div class=\"elementor-element elementor-element-18f1fb2 tm-align-left elementor-widget elementor-widget-tm_team_element\" data-id=\"18f1fb2\" data-element_type=\"widget\" data-widget_type=\"tm_team_element.default\">\n\t\t\t\t<div class=\"elementor-widget-container\">\n\t\t\t<div class=\"themetechmount-boxes themetechmount-boxes-team themetechmount-element-teambox-style2 themetechmount-boxes-view-default themetechmount-boxes-col-three themetechmount-boxes-textalign-left themetechmount-boxes-spacing-30px\" data-tm-show=\"2\" data-tm-loop=\"1\" data-tm-autoplay=\"0\" data-tm-centermode=\"0\" data-tm-nav=\"\" data-tm-dots=\"\" data-tm-slidestoscroll=\"\" data-tm-autoplayspeed=\"4500\" data-tm-margin=\"30px\"><div class=\"themetechmount-boxes-inner\">\n\t\t\t<div class=\"themetechmount-box-heading-wrapper\">\n\t\t\t\t<div class=\"tm-element-heading-content-wrapper left-align  tm-seperator-solid  tm-heading-style-vertical\"><div class=\"tm-content-header\"><h3 class=\"tm-element-content-heading tm-custom-heading\">\n\t\t\t\tISPRA\n\t\t\t<\/h3>\n\t\t<div class=\"heading-seperator\"><span><\/span><\/div><\/div><\/div>\t\t\t\t\t\t\t<\/div>\n\n\t\t\t<div class=\"themetechmount-boxes-row-wrapper row multi-columns-row\">\n\n\t\t\t<div class=\"tm-box-col-wrapper ispra col-lg-4 col-sm-6 col-md-4 col-xs-12\"><article class=\"themetechmount-box themetechmount-box-team themetechmount-teambox-view-style2\">\n\t<div class=\"themetechmount-post-item\">\n\t\t<div class=\"themetechmount-content-inner\">\n\t\t\t<div class=\"themetechmount-team-image-box\">\n\t\t\t\t\n\t\t<span class=\"themetechmount-item-thumbnail\">\n\t\t\t<span class=\"themetechmount-item-thumbnail-inner\">\n\t\t\t\t<img loading=\"lazy\" decoding=\"async\" width=\"500\" height=\"570\" src=\"https:\/\/beyondcalypso.eu\/wp-content\/uploads\/2019\/11\/ISPRA-Arianna-ORASI-e1697526558675-500x570.jpg\" class=\"attachment-themetechmount-img-team-member size-themetechmount-img-team-member wp-post-image\" alt=\"\" data-id=\"4730\" \/>\n\t\t\t<\/span>\n\t\t<\/span>\t\t\t\t<div class=\"themetechmount-box-social-links\"><\/div>\t\t\t\n\t\t\t<div class=\"themetechmount-box-content\">\t\t\t\n\t\t\t\t<div class=\"themetechmount-box-title\"><h4><a href=\"https:\/\/beyondcalypso.eu\/en\/team-member\/arianna-orasi\/\">Arianna Orasi<\/a><\/h4><\/div>\t\n\t\t\t\t<div class=\"themetechmount-team-position\"><\/div>\t\t\t\t\t\t\t\t\t\t\n\t\t\t<\/div>\t\n\t\t\t<\/div>\t\t\t\t\t\n\t\t<\/div>\t\n\t<\/div>\n<\/article>\n <\/div><div class=\"tm-box-col-wrapper ispra col-lg-4 col-sm-6 col-md-4 col-xs-12\"><article class=\"themetechmount-box themetechmount-box-team themetechmount-teambox-view-style2\">\n\t<div class=\"themetechmount-post-item\">\n\t\t<div class=\"themetechmount-content-inner\">\n\t\t\t<div class=\"themetechmount-team-image-box\">\n\t\t\t\t\n\t\t<span class=\"themetechmount-item-thumbnail\">\n\t\t\t<span class=\"themetechmount-item-thumbnail-inner\">\n\t\t\t\t<img loading=\"lazy\" decoding=\"async\" width=\"500\" height=\"570\" src=\"https:\/\/beyondcalypso.eu\/wp-content\/uploads\/2019\/11\/ISPRA_Carlo_LO-RE-500x570.jpg\" class=\"attachment-themetechmount-img-team-member size-themetechmount-img-team-member wp-post-image\" alt=\"\" data-id=\"4736\" \/>\n\t\t\t<\/span>\n\t\t<\/span>\t\t\t\t<div class=\"themetechmount-box-social-links\"><\/div>\t\t\t\n\t\t\t<div class=\"themetechmount-box-content\">\t\t\t\n\t\t\t\t<div class=\"themetechmount-box-title\"><h4><a href=\"https:\/\/beyondcalypso.eu\/en\/team-member\/carlo-lo-re\/\">Carlo Lo Re<\/a><\/h4><\/div>\t\n\t\t\t\t<div class=\"themetechmount-team-position\"><\/div>\t\t\t\t\t\t\t\t\t\t\n\t\t\t<\/div>\t\n\t\t\t<\/div>\t\t\t\t\t\n\t\t<\/div>\t\n\t<\/div>\n<\/article>\n <\/div>\n\t\t\t<\/div>\n\n\t\t\t<\/div><!-- .themetechmount-boxes-inner -->   <\/div><!-- .themetechmount-boxes -->  \t\t<\/div>\n\t\t\t\t<\/div>\n\t\t\t\t\t<\/div>\n\t\t\t\t<\/div>\n\t\t\t\t\t\t\t<\/div>","protected":false},"excerpt":{"rendered":"<p>Universit\u00e0 degli Studi di Palermo Giuseppe Ciraolo Fulvio Capodici Federica Terranova Universit\u00e0 di Malta Adam Gauci Audrey Zammit Universit\u00e0 degli Studi di Catania Rosario Sinatra Elisabetta Paradiso Alfio Russo ARPA Sicilia Salvatore Campanella CNR IAS Salvatore Aronica ISPRA Arianna Orasi Carlo Lo Re<\/p>","protected":false},"author":1,"featured_media":0,"parent":0,"menu_order":0,"comment_status":"closed","ping_status":"closed","template":"","meta":{"footnotes":""},"class_list":["post-830","page","type-page","status-publish","hentry"],"_links":{"self":[{"href":"https:\/\/beyondcalypso.eu\/en\/wp-json\/wp\/v2\/pages\/830","targetHints":{"allow":["GET"]}}],"collection":[{"href":"https:\/\/beyondcalypso.eu\/en\/wp-json\/wp\/v2\/pages"}],"about":[{"href":"https:\/\/beyondcalypso.eu\/en\/wp-json\/wp\/v2\/types\/page"}],"author":[{"embeddable":true,"href":"https:\/\/beyondcalypso.eu\/en\/wp-json\/wp\/v2\/users\/1"}],"replies":[{"embeddable":true,"href":"https:\/\/beyondcalypso.eu\/en\/wp-json\/wp\/v2\/comments?post=830"}],"version-history":[{"count":45,"href":"https:\/\/beyondcalypso.eu\/en\/wp-json\/wp\/v2\/pages\/830\/revisions"}],"predecessor-version":[{"id":5144,"href":"https:\/\/beyondcalypso.eu\/en\/wp-json\/wp\/v2\/pages\/830\/revisions\/5144"}],"wp:attachment":[{"href":"https:\/\/beyondcalypso.eu\/en\/wp-json\/wp\/v2\/media?parent=830"}],"curies":[{"name":"wp","href":"https:\/\/api.w.org\/{rel}","templated":true}]}}